{"id":11226,"date":"2024-10-21T08:02:25","date_gmt":"2024-10-21T08:02:25","guid":{"rendered":"https:\/\/www.mhuv.gov.dz\/?page_id=11226"},"modified":"2026-04-16T10:19:22","modified_gmt":"2026-04-16T10:19:22","slug":"%d8%aa%d8%b9%d9%85%d9%8a%d9%85-%d9%84%d9%84%d8%ae%d8%a7%d8%b6%d8%b9%d9%8a%d9%86","status":"publish","type":"page","link":"https:\/\/www.mhuv.gov.dz\/?page_id=11226","title":{"rendered":"\u062a\u0639\u0645\u064a\u0645 \u0644\u0644\u062e\u0627\u0636\u0639\u064a\u0646"},"content":{"rendered":"<p><center><\/p>\n<h1>\u062a\u0639\u0645\u064a\u0645 \u0644\u0644\u062e\u0627\u0636\u0639\u064a\u0646<\/h1>\n<p><\/center><\/p>\n<p><center><\/p>\n<h3>\u0627\u0644\u0648\u0642\u0627\u064a\u0629 \u0645\u0646 \u062a\u0628\u064a\u064a\u0636 \u0627\u0644\u0623\u0645\u0648\u0627\u0644 \u0648\u062a\u0645\u0648\u064a\u0644 \u0627\u0644\u0625\u0631\u0647\u0627\u0628 \u0648\u062a\u0645\u0648\u064a\u0644 \u0627\u0646\u062a\u0634\u0627\u0631 \u0623\u0633\u0644\u062d\u0629 \u0627\u0644\u062f\u0645\u0627\u0631 \u0627\u0644\u0634\u0627\u0645\u0644 \u0648\u0645\u0643\u0627\u0641\u062d\u062a\u0647\u0627<\/h3>\n<p><\/center><\/p>\n<p><center><a href=\"https:\/\/www.mhuv.gov.dz\/wp-content\/uploads\/2025\/LBC-FT-FP\/Rapport_ESR.pdf\"><\/p>\n<h3>\u0627\u0644\u062a\u0642\u064a\u064a\u0645 \u0627\u0644\u0642\u0637\u0627\u0639\u064a \u0644\u0644\u0645\u062e\u0627\u0637\u0631  <\/h3>\n<p>\u00ab\u00a0<\/a><\/center><\/p>\n<p><center><a href=\"https:\/\/www.mhuv.gov.dz\/wp-content\/uploads\/2025\/LBC-FT-FP\/GUIDE_AR07.pdf\"><\/p>\n<h3>\u0645\u0646\u0634\u0648\u0631 \u064a\u062a\u0639\u0644\u0642 \u0628\u062a\u0642\u064a\u064a\u0645 \u0627\u0644\u0646\u0632\u0627\u0647\u0629 \u0648\u0627\u0644\u0643\u0641\u0627\u0621\u0629 \u0644\u0644\u0645\u0633\u064a\u0631\u064a\u0646\u060c \u0627\u0644\u0634\u0631\u0643\u0627\u0621 \u0648\u0627\u0644\u0645\u0633\u062a\u0641\u064a\u062f\u064a\u0646 \u0627\u0644\u062d\u0642\u064a\u0642\u064a\u064a\u0646 \u0627\u0644\u062e\u0627\u0636\u0639\u064a\u0646 \u0641\u064a \u0642\u0637\u0627\u0639 \u0627\u0644\u0639\u0642\u0627\u0631\u060c \u0641\u064a \u0625\u0637\u0627\u0631 \u0627\u0644\u0648\u0642\u0627\u064a\u0629 \u0648\u0645\u0643\u0627\u0641\u062d\u0629 \u062a\u0628\u064a\u064a\u0636 \u0627\u0644\u0623\u0645\u0648\u0627\u0644 \u0648\u062a\u0645\u0648\u064a\u0644 \u0627\u0644\u0625\u0631\u0647\u0627\u0628 \u0648\u062a\u0645\u0648\u064a\u0644 \u0627\u0646\u062a\u0634\u0627\u0631 \u0623\u0633\u0644\u062d\u0629 \u0627\u0644\u062f\u0645\u0627\u0631 \u0627\u0644\u0634\u0627\u0645\u0644  <\/h3>\n<p>\u00ab\u00a0<\/a><\/center><\/p>\n<p><center><a href=\"https:\/\/www.mhuv.gov.dz\/wp-content\/uploads\/2025\/LBC-FT-FP\/Arrete_AR.pdf\"><\/p>\n<h3>\u0642\u0631\u0627\u0631 \u0645\u0624\u0631\u062e \u0641\u064a 23 \u0630\u064a \u0627\u0644\u0642\u0639\u062f\u0629 \u0639\u0627\u0645 1446 \u0627\u0644\u0645\u0648\u0627\u0641\u0642 21 \u0645\u0627\u064a\u0648 \u0633\u0646\u0629 2025 \u064a\u062a\u0636\u0645\u0646 \u0648\u0636\u0639 \u0646\u0638\u0627\u0645 \u0627\u0644\u0648\u0642\u0627\u064a\u0629 \u0645\u0646 \u062a\u0628\u064a\u064a\u0636 \u0627\u0644\u0623\u0645\u0648\u0627\u0644 \u0648\u062a\u0645\u0648\u064a\u0644 \u0627\u0644\u0625\u0631\u0647\u0627\u0628 \u0648\u062a\u0645\u0648\u064a\u0644 \u0627\u0646\u062a\u0634\u0627\u0631 \u0623\u0633\u0644\u062d\u0629 \u0627\u0644\u062f\u0645\u0627\u0631 \u0627\u0644\u0634\u0627\u0645\u0644 \u0648\u0645\u0643\u0627\u0641\u062d\u062a\u0647\u0627 \u062a\u062c\u0627\u0647 \u0627\u0644\u0623\u0639\u0648\u0627\u0646 \u0627\u0644\u0639\u0642\u0627\u0631\u064a\u064a\u0646  <\/h3>\n<p>\u00ab\u00a0<\/a><\/center><\/p>\n<p><center><a href=\"https:\/\/www.mhuv.gov.dz\/wp-content\/uploads\/2026\/LBC-FT-FP\/LBC-FT-FP_01_2026.pdf\"><\/p>\n<h3>\u0627\u0644\u062e\u0637\u0648\u0637 \u0627\u0644\u062a\u0648\u062c\u064a\u0647\u064a\u0629 \u0631\u0642\u0645 01 \u0627\u0644\u0645\u0624\u0631\u062e\u0629 \u0641\u064a 04 \u0645\u0627\u0631\u0633 2026 \u062d\u0648\u0644 \u0625\u062c\u0631\u0627\u0621\u0627\u062a \u0627\u0644\u0639\u0646\u0627\u064a\u0629 \u0627\u0644\u0648\u0627\u062c\u0628\u0629 \u0627\u062a\u062c\u0627\u0647 \u0627\u0644\u0632\u0628\u0627\u0626\u0646 \u0648\u0627\u0644\u0645\u0633\u062a\u0641\u064a\u062f\u064a\u0646 \u0639\u0644\u0649 \u0645\u0633\u062a\u0648\u0649 \u0645\u0647\u0646 \u0627\u0644\u0648\u0643\u0644\u0627\u0621 \u0627\u0644\u0639\u0642\u0627\u0631\u064a\u064a\u0646 \u0641\u064a \u0645\u062c\u0627\u0644 \u0645\u0643\u0627\u0641\u062d\u0629 \u062a\u0628\u064a\u064a\u0636 \u0627\u0644\u0623\u0645\u0648\u0627\u0644 \u0648\u062a\u0645\u0648\u064a\u0644 \u0627\u0644\u0625\u0631\u0647\u0627\u0628 \u0648\u062a\u0645\u0648\u064a\u0644 \u0627\u0646\u062a\u0634\u0627\u0631 \u0623\u0633\u0644\u062d\u0629 \u0627\u0644\u062f\u0645\u0627\u0631 \u0627\u0644\u0634\u0627\u0645\u0644   <\/h3>\n<p>\u00ab\u00a0<\/a><\/center><\/p>\n<p><center><a href=\"https:\/\/www.mhuv.gov.dz\/wp-content\/uploads\/2026\/LBC-FT-FP\/LBC-FT-FP_02_2026.pdf\"><\/p>\n<h3>\u0627\u0644\u062e\u0637\u0648\u0637 \u0627\u0644\u062a\u0648\u062c\u064a\u0647\u064a\u0629 \u0631\u0642\u0645 02 \u0627\u0644\u0645\u0624\u0631\u062e\u0629 \u0641\u064a 04 \u0645\u0627\u0631\u0633 2026 \u0627\u0644\u0645\u062a\u0639\u0644\u0642\u0629 \u0628\u0627\u0644\u062a\u0642\u064a\u064a\u0645 \u0627\u0644\u0630\u0627\u062a\u064a \u0644\u0645\u062e\u0627\u0637\u0631 \u062a\u0628\u064a\u064a\u0636 \u0627\u0644\u0623\u0645\u0648\u0627\u0644 \u062a\u0628\u064a\u064a\u0636 \u0627\u0644\u0623\u0645\u0648\u0627\u0644 \u0648\u062a\u0645\u0648\u064a\u0644 \u0627\u0644\u0625\u0631\u0647\u0627\u0628 \u0648\u062a\u0645\u0648\u064a\u0644 \u0627\u0646\u062a\u0634\u0627\u0631 \u0623\u0633\u0644\u062d\u0629 \u0627\u0644\u062f\u0645\u0627\u0631 \u0627\u0644\u0634\u0627\u0645\u0644 \u0639\u0644\u0649 \u0645\u0633\u062a\u0648\u0649 \u0645\u0647\u0646 \u0627\u0644\u0648\u0643\u0644\u0627\u0621 \u0627\u0644\u0639\u0642\u0627\u0631\u064a\u064a\u0646  <\/h3>\n<p>\u00ab\u00a0<\/a><\/center><\/p>\n<p><center><a href=\"https:\/\/www.mhuv.gov.dz\/wp-content\/uploads\/2026\/LBC-FT-FP\/LBC-FT-FP_03_2026.pdf\"><\/p>\n<h3>\u0627\u0644\u062e\u0637\u0648\u0637 \u0627\u0644\u062a\u0648\u062c\u064a\u0647\u064a\u0629 \u0631\u0642\u0645 03 \u0627\u0644\u0645\u0624\u0631\u062e\u0629 \u0641\u064a 04 \u0645\u0627\u0631\u0633 2026 \u0627\u0644\u0645\u062a\u0639\u0644\u0642\u0629 \u0628\u062a\u062f\u0627\u0628\u064a\u0631 \u062a\u062c\u0645\u064a\u062f \u0648\/ \u0623\u0648 \u062d\u062c\u0632 \u0627\u0644\u0623\u0645\u0648\u0627\u0644 \u0648\u0627\u0644\u0645\u0645\u062a\u0644\u0643\u0627\u062a \u0641\u064a \u0625\u0637\u0627\u0631 \u0627\u0644\u0639\u0642\u0648\u0628\u0627\u062a \u0627\u0644\u0645\u0627\u0644\u064a\u0629 \u0627\u0644\u0645\u0633\u062a\u0647\u062f\u0641\u0629   <\/h3>\n<p>\u00ab\u00a0<\/a><\/center><\/p>\n<p><center><a href=\"https:\/\/www.mhuv.gov.dz\/wp-content\/uploads\/2026\/LBC-FT-FP\/LBC-FT-FP_04_2026.pdf\"><\/p>\n<h3>\u0627\u0644\u062e\u0637\u0648\u0637 \u0627\u0644\u062a\u0648\u062c\u064a\u0647\u064a\u0629 \u0631\u0642\u0645 04 \u0627\u0644\u0645\u0624\u0631\u062e\u0629 \u0641\u064a 04 \u0645\u0627\u0631\u0633 2026 \u0627\u0644\u0645\u062a\u0639\u0644\u0642\u0629 \u0628\u062a\u062f\u0627\u0628\u064a\u0631 \u062a\u062d\u062f\u064a\u062f \u0647\u0648\u064a\u0629 \u0627\u0644\u0645\u0633\u062a\u0641\u064a\u062f\u064a\u0646 \u0627\u0644\u062d\u0642\u064a\u0642\u064a\u064a\u0646 \u0648\u0627\u0644\u062a\u062d\u0642\u0642 \u0645\u0646\u0647\u0627 \u0645\u0646 \u0637\u0631\u0641 \u0627\u0644\u0648\u0643\u0644\u0627\u0621 \u0627\u0644\u0639\u0642\u0627\u0631\u064a\u064a\u0646 \u0641\u064a \u0645\u062c\u0627\u0644 \u0627\u0644\u0648\u0642\u0627\u064a\u0629 \u0645\u0646 \u062a\u0628\u064a\u064a\u0636 \u0627\u0644\u0623\u0645\u0648\u0627\u0644 \u0648\u062a\u0645\u0648\u064a\u0644 \u0627\u0644\u0625\u0631\u0647\u0627\u0628 \u0648\u062a\u0645\u0648\u064a\u0644 \u0627\u0646\u062a\u0634\u0627\u0631 \u0623\u0633\u0644\u062d\u0629 \u0627\u0644\u062f\u0645\u0627\u0631 \u0627\u0644\u0634\u0627\u0645\u0644 \u0648\u0645\u0643\u0627\u0641\u062d\u062a\u0647\u0627  <\/h3>\n<p>\u00ab\u00a0<\/a><\/center><\/p>\n<p><center><a href=\"https:\/\/www.mhuv.gov.dz\/wp-content\/uploads\/2025\/LBC-FT-FP\/GUIDE-01.pdf\"><\/p>\n<h3> Guide d\u2019\u00e9valuation de l\u2019honorabilit\u00e9 et d\u2019aptitude des dirigeants des associ\u00e9s et des b\u00e9n\u00e9ficiaires effectifs des assujettis du secteur de l\u2019immobilier <\/h3>\n<p>\u00ab\u00a0<\/a><\/center><\/p>\n<p><center><a href=\"https:\/\/www.mhuv.gov.dz\/wp-content\/uploads\/2025\/LBC-FT-FP\/GUIDE-02.pdf\"><\/p>\n<h3> Guide d\u2019\u00e9valuation sur pi\u00e8ce et sur place du dispositif de pr\u00e9vention et de LBC\/FT\/FP  <\/h3>\n<p>\u00ab\u00a0<\/a><\/center><\/p>\n<p><center><\/p>\n<h3>****************************************************<\/h3>\n<p><\/center><\/p>\n<p><center><\/p>\n<h3>\u062a\u0639\u0644\u0645 \u0648\u0632\u0627\u0631\u0629 \u0627\u0644\u0633\u0643\u0646 \u0648\u0627\u0644\u0639\u0645\u0631\u0627\u0646 \u0648\u0627\u0644\u0645\u062f\u064a\u0646\u0629 \u062c\u0645\u064a\u0639 \u0627\u0644\u062e\u0627\u0636\u0639\u064a\u0646 \u0628\u0623\u0646 \u0627\u0644\u062a\u0639\u0644\u064a\u0645\u0627\u062a \u0627\u0644\u0635\u0627\u062f\u0631\u0629 \u0639\u0646 \u062e\u0644\u064a\u0629 \u0645\u0639\u0627\u0644\u062c\u0629 \u0627\u0644\u0627\u0633\u062a\u0639\u0644\u0627\u0645 \u0627\u0644\u0645\u0627\u0644\u064a \u0627\u0644\u0622\u062a\u064a\u0629:<\/h3>\n<p><\/center><\/p>\n<p><center><a href=\"https:\/\/www.mhuv.gov.dz\/wp-content\/uploads\/2024\/instructions\/instruction_CTRF_01_2023_AR.pdf\"><\/p>\n<h3>\u0627\u0644\u062a\u0639\u0644\u064a\u0645\u0629 \u0631\u0642\u0645 01 \u0644\u0633\u0646\u0629 2023 \u0627\u0644\u0645\u0624\u0631\u062e\u0629 \u0641\u064a 26 \u0623\u0643\u062a\u0648\u0628\u0631 2023\u060c \u0627\u0644\u0645\u062a\u0639\u0644\u0651\u0642\u0629 \u0628\u0627\u0644\u062a\u0632\u0627\u0645\u0627\u062a \u0645\u0643\u0627\u0641\u062d\u0629 \u062a\u0628\u064a\u064a\u0636 \u0627\u0644\u0623\u0645\u0648\u0627\u0644 \u0648\u062a\u0645\u0648\u064a\u0644 \u0627\u0644\u0625\u0631\u0647\u0627\u0628 \u0648\u062a\u0645\u0648\u064a\u0644 \u0627\u0646\u062a\u0634\u0627\u0631 \u0623\u0633\u0644\u062d\u0629 \u0627\u0644\u062f\u0645\u0627\u0631 \u0627\u0644\u0634\u0627\u0645\u0644\u060c \u0627\u0644\u062e\u0627\u0635\u0629 \u0628\u0627\u0644\u0645\u0647\u0646 \u0648\u0627\u0644\u0645\u0624\u0633\u0633\u0627\u062a \u063a\u064a\u0631 \u0627\u0644\u0645\u0627\u0644\u064a\u0629 \u0627\u0644\u0645\u062d\u062f\u062f\u0629\u060c <\/h3>\n<p>\u00ab\u00a0<\/a><\/center><\/p>\n<p><center><a href=\"https:\/\/www.mhuv.gov.dz\/wp-content\/uploads\/2024\/instructions\/Instruction_CTRF_03_2023_AR.pdf\"><\/p>\n<h3>\u0627\u0644\u062a\u0639\u0644\u064a\u0645\u0629 \u0631\u0642\u0645 03 \u0644\u0633\u0646\u0629 2023 \u0627\u0644\u0645\u0624\u0631\u062e\u0629 \u0641\u064a 05 \u062f\u064a\u0633\u0645\u0628\u0631 2023\u060c \u0627\u0644\u0645\u062a\u0639\u0644\u0651\u0642\u0629 \u0628\u0627\u0644\u062a\u0632\u0627\u0645\u0627\u062a \u0627\u0644\u062e\u0627\u0636\u0639\u064a\u0646 \u0627\u062a\u062c\u0627\u0647 \u0627\u0644\u0623\u0634\u062e\u0627\u0635 \u0627\u0644\u0645\u0639\u0631\u0636\u064a\u0646 \u0633\u064a\u0627\u0633\u064a\u0627.<\/h3>\n<p>\u00ab\u00a0<\/a><\/center><\/p>\n<p><center><\/p>\n<h3>\u0645\u0644\u0632\u0645\u0629 \u0627\u062a\u062c\u0627\u0647 \u0627\u0644\u062e\u0627\u0636\u0639\u064a\u0646\u060c \u0648\u0639\u062f\u0645 \u0627\u0644\u0627\u0644\u062a\u0632\u0627\u0645 \u0628\u0627\u0644\u0623\u062d\u0643\u0627\u0645 \u0627\u0644\u0648\u0627\u0631\u062f\u0629 \u0641\u064a \u0647\u0630\u0647 \u0627\u0644\u062a\u0639\u0644\u064a\u0645\u0627\u062a \u064a\u0639\u0631\u0636 \u0627\u0644\u0645\u062e\u0627\u0644\u0641\u064a\u0646 \u0644\u0644\u0639\u0642\u0648\u0628\u0627\u062a \u0627\u0644\u0645\u0642\u0631\u0631\u0629 \u0642\u0627\u0646\u0648\u0646\u0627.<\/h3>\n<p><\/center><\/p>\n<p><center><\/p>\n<h3>\u064a\u0639\u062f \u0647\u0630\u0627 \u0627\u0644\u062a\u0639\u0645\u064a\u0645 \u0648\u0627\u0644\u0646\u0634\u0631 \u0628\u0645\u062b\u0627\u0628\u0629 \u062a\u0628\u0644\u064a\u063a \u0644\u0644\u062e\u0627\u0636\u0639\u064a\u0646.<\/h3>\n<p><\/center><\/p>\n","protected":false},"excerpt":{"rendered":"<p>\u062a\u0639\u0645\u064a\u0645 \u0644\u0644\u062e\u0627\u0636\u0639\u064a\u0646 \u0627\u0644\u0648\u0642\u0627\u064a\u0629 \u0645\u0646 \u062a\u0628\u064a\u064a\u0636 \u0627\u0644\u0623\u0645\u0648\u0627\u0644 \u0648\u062a\u0645\u0648\u064a\u0644 \u0627\u0644\u0625\u0631\u0647\u0627\u0628 \u0648\u062a\u0645\u0648\u064a\u0644 \u0627\u0646\u062a\u0634\u0627\u0631 \u0623\u0633\u0644\u062d\u0629 \u0627\u0644\u062f\u0645\u0627\u0631 \u0627\u0644\u0634\u0627\u0645\u0644 \u0648\u0645\u0643\u0627\u0641\u062d\u062a\u0647\u0627 \u0627\u0644\u062a\u0642\u064a\u064a\u0645 \u0627\u0644\u0642\u0637\u0627\u0639\u064a \u0644\u0644\u0645\u062e\u0627\u0637\u0631 \u00ab\u00a0 \u0645\u0646\u0634\u0648\u0631 \u064a\u062a\u0639\u0644\u0642 \u0628\u062a\u0642\u064a\u064a\u0645 \u0627\u0644\u0646\u0632\u0627\u0647\u0629 \u0648\u0627\u0644\u0643\u0641\u0627\u0621\u0629 \u0644\u0644\u0645\u0633\u064a\u0631\u064a\u0646\u060c \u0627\u0644\u0634\u0631\u0643\u0627\u0621 \u0648\u0627\u0644\u0645\u0633\u062a\u0641\u064a\u062f\u064a\u0646 \u0627\u0644\u062d\u0642\u064a\u0642\u064a\u064a\u0646 \u0627\u0644\u062e\u0627\u0636\u0639\u064a\u0646 \u0641\u064a \u0642\u0637\u0627\u0639 \u0627\u0644\u0639\u0642\u0627\u0631\u060c \u0641\u064a \u0625\u0637\u0627\u0631 \u0627\u0644\u0648\u0642\u0627\u064a\u0629 \u0648\u0645\u0643\u0627\u0641\u062d\u0629 \u062a\u0628\u064a\u064a\u0636 \u0627\u0644\u0623\u0645\u0648\u0627\u0644 \u0648\u062a\u0645\u0648\u064a\u0644 \u0627\u0644\u0625\u0631\u0647\u0627\u0628 \u0648\u062a\u0645\u0648\u064a\u0644 \u0627\u0646\u062a\u0634\u0627\u0631 \u0623\u0633\u0644\u062d\u0629 \u0627\u0644\u062f\u0645\u0627\u0631 \u0627\u0644\u0634\u0627\u0645\u0644 \u00ab\u00a0 \u0642\u0631\u0627\u0631 \u0645\u0624\u0631\u062e \u0641\u064a 23 \u0630\u064a \u0627\u0644\u0642\u0639\u062f\u0629 \u0639\u0627\u0645 1446 \u0627\u0644\u0645\u0648\u0627\u0641\u0642 21 &hellip;<\/p>\n","protected":false},"author":9,"featured_media":0,"parent":0,"menu_order":0,"comment_status":"closed","ping_status":"closed","template":"","meta":{"footnotes":""},"class_list":["post-11226","page","type-page","status-publish","hentry"],"lang":"ar","translations":{"ar":11226},"pll_sync_post":[],"_links":{"self":[{"href":"https:\/\/www.mhuv.gov.dz\/index.php?rest_route=\/wp\/v2\/pages\/11226","targetHints":{"allow":["GET"]}}],"collection":[{"href":"https:\/\/www.mhuv.gov.dz\/index.php?rest_route=\/wp\/v2\/pages"}],"about":[{"href":"https:\/\/www.mhuv.gov.dz\/index.php?rest_route=\/wp\/v2\/types\/page"}],"author":[{"embeddable":true,"href":"https:\/\/www.mhuv.gov.dz\/index.php?rest_route=\/wp\/v2\/users\/9"}],"replies":[{"embeddable":true,"href":"https:\/\/www.mhuv.gov.dz\/index.php?rest_route=%2Fwp%2Fv2%2Fcomments&post=11226"}],"version-history":[{"count":10,"href":"https:\/\/www.mhuv.gov.dz\/index.php?rest_route=\/wp\/v2\/pages\/11226\/revisions"}],"predecessor-version":[{"id":13662,"href":"https:\/\/www.mhuv.gov.dz\/index.php?rest_route=\/wp\/v2\/pages\/11226\/revisions\/13662"}],"wp:attachment":[{"href":"https:\/\/www.mhuv.gov.dz\/index.php?rest_route=%2Fwp%2Fv2%2Fmedia&parent=11226"}],"curies":[{"name":"wp","href":"https:\/\/api.w.org\/{rel}","templated":true}]}}